{"id":16943,"date":"2019-09-28T13:37:47","date_gmt":"2019-09-28T13:37:47","guid":{"rendered":"http:\/\/arminloeblein.de\/?page_id=16943"},"modified":"2021-05-23T10:55:11","modified_gmt":"2021-05-23T10:55:11","slug":"mulchen-fraesen","status":"publish","type":"page","link":"http:\/\/arminloeblein.de\/?page_id=16943","title":{"rendered":"Mulchen &#038; Fr\u00e4sen"},"content":{"rendered":"<div class=\"vgblk-rw-wrapper limit-wrapper\"><h2>\n\t\t\t<a href=\"\/gardens\/\" title=\"Mulch- und Fr\u00e4sarbeiten\" target=\"_self\" rel=\"noopener noreferrer\">\n\tMulch- und Fr\u00e4sarbeiten\n\t\t\t<\/a>\n\t<\/h2>\n\t<p>Mit unserem Forstmulcher und unserem Forstfr\u00e4ser k\u00f6nnen wir Ihre Auftr\u00e4ge professionell abarbeiten, auch in schwer zug\u00e4nglichen Bereichen.<\/p>\n<p>Von unseren Leistungen profitieren Privatpersonen, Unternehmen und Beh\u00f6rden. Wir \u00fcbernehmen einmalige Auftr\u00e4ge ebenso wie Dauerprojekte.<\/p>\n<h2>\n\t\t\t<a href=\"\/gardens\/\" title=\"Hackschnitzel\" target=\"_self\" rel=\"noopener noreferrer\">\n\tHackschnitzel\n\t\t\t<\/a>\n\t<\/h2>\n\t<p>Bei uns k\u00f6nnen Sie ebenfalls Hackschnitzel G30 erwerben.<\/p>\n\t<meta itemprop=\"url\" content=\"http:\/\/arminloeblein.de\/wp-content\/uploads\/2019\/09\/VIDEO-2019-09-12-18-19-08.mp4\" \/><meta itemprop=\"thumbnail\" content=\"\" \/><div style=\"width: 100px;\" class=\"wp-video\"><!--[if lt IE 9]><script>document.createElement('video');<\/script><![endif]-->\n<video class=\"wp-video-shortcode\" id=\"video-16943-1\" width=\"100\" height=\"100\" preload=\"none\" controls=\"controls\"><source type=\"video\/mp4\" src=\"http:\/\/arminloeblein.de\/wp-content\/uploads\/2019\/09\/VIDEO-2019-09-12-18-19-08.mp4?_=1\" \/><a href=\"http:\/\/arminloeblein.de\/wp-content\/uploads\/2019\/09\/VIDEO-2019-09-12-18-19-08.mp4\">http:\/\/arminloeblein.de\/wp-content\/uploads\/2019\/09\/VIDEO-2019-09-12-18-19-08.mp4<\/a><\/video><\/div>\n<\/div><!-- .vgblk-rw-wrapper -->","protected":false},"excerpt":{"rendered":"<p>Mulch- und Fr\u00e4sarbeiten Mit unserem Forstmulcher und unserem Forstfr\u00e4ser k\u00f6nnen wir Ihre Auftr\u00e4ge professionell abarbeiten, auch in schwer zug\u00e4nglichen Bereichen. Von unseren Leistungen profitieren Privatpersonen, Unternehmen und Beh\u00f6rden. Wir \u00fcbernehmen einmalige Auftr\u00e4ge ebenso wie Dauerprojekte. Hackschnitzel Bei uns k\u00f6nnen Sie ebenfalls Hackschnitzel G30 erwerben.<\/p>\n","protected":false},"author":1,"featured_media":0,"parent":0,"menu_order":0,"comment_status":"closed","ping_status":"closed","template":"","meta":{"footnotes":""},"jetpack_sharing_enabled":true,"_links":{"self":[{"href":"http:\/\/arminloeblein.de\/index.php?rest_route=\/wp\/v2\/pages\/16943"}],"collection":[{"href":"http:\/\/arminloeblein.de\/index.php?rest_route=\/wp\/v2\/pages"}],"about":[{"href":"http:\/\/arminloeblein.de\/index.php?rest_route=\/wp\/v2\/types\/page"}],"author":[{"embeddable":true,"href":"http:\/\/arminloeblein.de\/index.php?rest_route=\/wp\/v2\/users\/1"}],"replies":[{"embeddable":true,"href":"http:\/\/arminloeblein.de\/index.php?rest_route=%2Fwp%2Fv2%2Fcomments&post=16943"}],"version-history":[{"count":7,"href":"http:\/\/arminloeblein.de\/index.php?rest_route=\/wp\/v2\/pages\/16943\/revisions"}],"predecessor-version":[{"id":16971,"href":"http:\/\/arminloeblein.de\/index.php?rest_route=\/wp\/v2\/pages\/16943\/revisions\/16971"}],"wp:attachment":[{"href":"http:\/\/arminloeblein.de\/index.php?rest_route=%2Fwp%2Fv2%2Fmedia&parent=16943"}],"curies":[{"name":"wp","href":"https:\/\/api.w.org\/{rel}","templated":true}]}}