{"id":16939,"date":"2019-09-28T12:43:04","date_gmt":"2019-09-28T12:43:04","guid":{"rendered":"http:\/\/arminloeblein.de\/?page_id=16939"},"modified":"2021-04-20T21:17:54","modified_gmt":"2021-04-20T21:17:54","slug":"landschaftspflege","status":"publish","type":"page","link":"http:\/\/arminloeblein.de\/?page_id=16939","title":{"rendered":"Landschaftspflege"},"content":{"rendered":"<div class=\"vgblk-rw-wrapper limit-wrapper\"><h2>\n\t\t\t<a href=\"\/gardens\/\" title=\"Landschaftspflege\" target=\"_self\" rel=\"noopener noreferrer\">\n\tLandschaftspflege\n\t\t\t<\/a>\n\t<\/h2>\n\t<p>Mit Hilfe unserer modernen Fahrzeuge und Arbeitsmittel k\u00f6nnen wir eine Vielzahl von Leistungen in der Landschaftspflege anbieten.<\/p>\n<p>So k\u00f6nnen wir Ihre Auftr\u00e4ge mit einem M\u00e4hausleger (mit einer Auslage von 8 Metern), einem Buschhacker und Astschere\/Kreiss\u00e4ge ausf\u00fchren.<\/p>\n<p>Von unseren Leistungen profitieren Privatpersonen, Unternehmen und Beh\u00f6rden. Wir \u00fcbernehmen einmalige Auftr\u00e4ge ebenso wie Dauerprojekte<\/p>\n<\/div><!-- .vgblk-rw-wrapper -->","protected":false},"excerpt":{"rendered":"<p>Landschaftspflege Mit Hilfe unserer modernen Fahrzeuge und Arbeitsmittel k\u00f6nnen wir eine Vielzahl von Leistungen in der Landschaftspflege anbieten. So k\u00f6nnen wir Ihre Auftr\u00e4ge mit einem M\u00e4hausleger (mit einer Auslage von 8 Metern), einem Buschhacker und Astschere\/Kreiss\u00e4ge ausf\u00fchren. Von unseren Leistungen profitieren Privatpersonen, Unternehmen und Beh\u00f6rden. Wir \u00fcbernehmen einmalige Auftr\u00e4ge ebenso wie Dauerprojekte<\/p>\n","protected":false},"author":1,"featured_media":0,"parent":0,"menu_order":0,"comment_status":"closed","ping_status":"closed","template":"","meta":{"footnotes":""},"jetpack_sharing_enabled":true,"_links":{"self":[{"href":"http:\/\/arminloeblein.de\/index.php?rest_route=\/wp\/v2\/pages\/16939"}],"collection":[{"href":"http:\/\/arminloeblein.de\/index.php?rest_route=\/wp\/v2\/pages"}],"about":[{"href":"http:\/\/arminloeblein.de\/index.php?rest_route=\/wp\/v2\/types\/page"}],"author":[{"embeddable":true,"href":"http:\/\/arminloeblein.de\/index.php?rest_route=\/wp\/v2\/users\/1"}],"replies":[{"embeddable":true,"href":"http:\/\/arminloeblein.de\/index.php?rest_route=%2Fwp%2Fv2%2Fcomments&post=16939"}],"version-history":[{"count":4,"href":"http:\/\/arminloeblein.de\/index.php?rest_route=\/wp\/v2\/pages\/16939\/revisions"}],"predecessor-version":[{"id":16964,"href":"http:\/\/arminloeblein.de\/index.php?rest_route=\/wp\/v2\/pages\/16939\/revisions\/16964"}],"wp:attachment":[{"href":"http:\/\/arminloeblein.de\/index.php?rest_route=%2Fwp%2Fv2%2Fmedia&parent=16939"}],"curies":[{"name":"wp","href":"https:\/\/api.w.org\/{rel}","templated":true}]}}