{"id":16932,"date":"2019-09-28T11:11:08","date_gmt":"2019-09-28T11:11:08","guid":{"rendered":"http:\/\/arminloeblein.de\/?page_id=16932"},"modified":"2023-09-10T20:01:37","modified_gmt":"2023-09-10T20:01:37","slug":"christbaeume","status":"publish","type":"page","link":"http:\/\/arminloeblein.de\/?page_id=16932","title":{"rendered":"Weihnachtsb\u00e4ume"},"content":{"rendered":"<div class=\"vgblk-rw-wrapper limit-wrapper\"><h2>\n\t\t\t<a href=\"\/gardens\/\" title=\"Weihnachtsb\u00e4ume\" target=\"_self\" rel=\"noopener noreferrer\">\n\tWeihnachtsb\u00e4ume\n\t\t\t<\/a>\n\t<\/h2>\n\t<p>Auf unseren Anbaufl\u00e4chen wachsen Weihnachtsb\u00e4ume verschiedener Arten. Die gro\u00dfe Baumpalette erm\u00f6glicht es uns auf jede Vorliebe eingehen zu k\u00f6nnen. So k\u00f6nnen Sie Weihnachtsb\u00e4ume der Arten Nordmanntanne, Blaufichte, Nobilis und Korktanne bei uns erwerben. Alle Baumarten wachsen in einer naturbelassenen Umgebung in Mitten eines bewaldeten Gebiets schonend auf.<\/p>\n<p>&nbsp;<\/p>\n<p>Unsere Weihnachtsb\u00e4ume bieten wir in verschiedenen Gr\u00f6\u00dfen\/verschiedenen Alters an. So k\u00f6nnen wir B\u00e4ume von 1m bis 12m H\u00f6he anbieten.<\/p>\n<p>&nbsp;<\/p>\n<p>Der Anbau unserer Weihnachtsb\u00e4ume ist GLOBALG.A.P. zertifiziert.<\/p>\n<h2>\n\t\t\t<a href=\"\/maintenance\/\" title=\"Christbaumdorf\" target=\"_self\" rel=\"noopener noreferrer\">\n\tChristbaumdorf\n\t\t\t<\/a>\n\t<\/h2>\n\t<p>Jedes zweite und dritte Adventswochenende erstrahlt unser Heimatdorf Mittelsinn in einem weihnachtlichen Glanz. Umh\u00fcllt vom \u00a0Duft von Waffeln und Gl\u00fchwein bieten wir Ihnen auch weitere Getr\u00e4nke und Speisen an. An diesen Wochenenden l\u00e4dt das ausgerichtete Christbaumdorf Jung und Alt zu einem Ausflug ein. Genie\u00dfen auch Sie die weihnachtliche Stimmung mit Ihrer Begleitung oder Ihrer Familie.<\/p>\n<p>Wir freuen uns, wenn wir Sie bei uns begr\u00fc\u00dfen d\u00fcrfen. F\u00fcr das leibliche Wohl und eine musikalische Begleitung ist bestens gesorgt.<\/p>\n<\/div><!-- .vgblk-rw-wrapper -->","protected":false},"excerpt":{"rendered":"<p>Weihnachtsb\u00e4ume Auf unseren Anbaufl\u00e4chen wachsen Weihnachtsb\u00e4ume verschiedener Arten. Die gro\u00dfe Baumpalette erm\u00f6glicht es uns auf jede Vorliebe eingehen zu k\u00f6nnen. So k\u00f6nnen Sie Weihnachtsb\u00e4ume der Arten Nordmanntanne, Blaufichte, Nobilis und Korktanne bei uns erwerben. Alle Baumarten wachsen in einer naturbelassenen Umgebung in Mitten eines bewaldeten Gebiets schonend auf. &nbsp; Unsere Weihnachtsb\u00e4ume bieten wir in verschiedenen&#8230;<\/p>\n","protected":false},"author":1,"featured_media":0,"parent":0,"menu_order":0,"comment_status":"closed","ping_status":"closed","template":"","meta":{"footnotes":""},"jetpack_sharing_enabled":true,"_links":{"self":[{"href":"http:\/\/arminloeblein.de\/index.php?rest_route=\/wp\/v2\/pages\/16932"}],"collection":[{"href":"http:\/\/arminloeblein.de\/index.php?rest_route=\/wp\/v2\/pages"}],"about":[{"href":"http:\/\/arminloeblein.de\/index.php?rest_route=\/wp\/v2\/types\/page"}],"author":[{"embeddable":true,"href":"http:\/\/arminloeblein.de\/index.php?rest_route=\/wp\/v2\/users\/1"}],"replies":[{"embeddable":true,"href":"http:\/\/arminloeblein.de\/index.php?rest_route=%2Fwp%2Fv2%2Fcomments&post=16932"}],"version-history":[{"count":12,"href":"http:\/\/arminloeblein.de\/index.php?rest_route=\/wp\/v2\/pages\/16932\/revisions"}],"predecessor-version":[{"id":16997,"href":"http:\/\/arminloeblein.de\/index.php?rest_route=\/wp\/v2\/pages\/16932\/revisions\/16997"}],"wp:attachment":[{"href":"http:\/\/arminloeblein.de\/index.php?rest_route=%2Fwp%2Fv2%2Fmedia&parent=16932"}],"curies":[{"name":"wp","href":"https:\/\/api.w.org\/{rel}","templated":true}]}}