{"id":14013,"date":"2017-09-03T22:38:55","date_gmt":"2017-09-03T22:38:55","guid":{"rendered":"https:\/\/landscaping.vamtam.com\/?page_id=14013"},"modified":"2023-11-18T14:35:30","modified_gmt":"2023-11-18T14:35:30","slug":"home-page-3","status":"publish","type":"page","link":"http:\/\/arminloeblein.de\/","title":{"rendered":"Willkommen &#8211; Weihnachtsb\u00e4ume aus Mittelsinn"},"content":{"rendered":"<div class=\"vgblk-rw-wrapper limit-wrapper\">\n<img decoding=\"async\" src=\"http:\/\/arminloeblein.de\/wp-content\/uploads\/2017\/09\/grass.svg\" alt=\"grass\" itemprop=\"image\" height=\"17px\" width=\"1280px\" title=\"grass\" onerror=\"this.style.display='none'\">\n<h3>\n\t\t\t<a href=\"http:\/\/arminloeblein.de\/?page_id=11406\" title=\"Weihnachtsb\u00e4ume\" target=\"_self\" rel=\"noopener noreferrer\">\n\tWeihnachtsb\u00e4ume\n\t\t\t<\/a>\n\t<\/h3>\n\t<p>Weihnachtsb\u00e4ume aus dem Sinngrund.<\/p>\n\t<a href=\"http:\/\/arminloeblein.de\/?page_id=16932\" target=\"_self\" role=\"button\" rel=\"noopener noreferrer\">\n\t\t\t\t\tmehr\n\t<\/a>\n<h3>\n\t\t\t<a href=\"http:\/\/arminloeblein.de\/?page_id=11406\" title=\"Landschaftspflege\" target=\"_self\" rel=\"noopener noreferrer\">\n\tLandschaftspflege\n\t\t\t<\/a>\n\t<\/h3>\n\t<p>Landschaftspflege mit M\u00e4hausleger, Buschhacker, Kreiselegge und Co.<\/p>\n\t<a href=\"http:\/\/arminloeblein.de\/?page_id=16939\" target=\"_self\" role=\"button\" rel=\"noopener noreferrer\">\n\t\t\t\t\tmehr\n\t<\/a>\n<h3>\n\t\t\t<a href=\"http:\/\/arminloeblein.de\/?page_id=11406\" title=\"Mulch- und Fr\u00e4sarbeiten\" target=\"_self\" rel=\"noopener noreferrer\">\n\tMulch- und Fr\u00e4sarbeiten\n\t\t\t<\/a>\n\t<\/h3>\n\t<p>Mit modernen Maschinen mulchen und fr\u00e4sen.<\/p>\n\t<a href=\"http:\/\/arminloeblein.de\/?page_id=16943\" target=\"_self\" role=\"button\" rel=\"noopener noreferrer\">\n\t\t\t\t\tmehr\n\t<\/a>\n<h3>\n\t\t\t<a href=\"http:\/\/arminloeblein.de\/?page_id=11406\" title=\"Christbaumdorf\" target=\"_self\" rel=\"noopener noreferrer\">\n\tChristbaumdorf\n\t\t\t<\/a>\n\t<\/h3>\n\t<p>Immer am zweiten und dritten Adventswochenende in 97785 Mittelsinn.<\/p>\n\t<a href=\"http:\/\/arminloeblein.de\/?page_id=16932\" target=\"_self\" role=\"button\" rel=\"noopener noreferrer\">\n\t\t\t\t\tmehr\n\t<\/a>\n<h4>\n\tErfahrung &amp; Leidenschaft seit 1988.\n\t<\/h4>\n\t<p>Ohne langes Hin und Her. Unsere lange Erfahrung dient uns bei jedem Auftrag. Ob f\u00fcr Landschaftspflege, Mulch- und Fr\u00e4sarbeiten oder unsere Christb\u00e4ume.<\/p>\n\t\t\t34\n\t\t\t\t\t\t\tJahre\n<h3>\n\tErfahrung\n\t<\/h3>\n\t<p>Nicht erst seit gestern.<\/p>\n\t\t\t4\n\t\t\t\t\t\t\tFamilienmitglieder\n<h3>\n\tGemeinsam zum Erfolg.\n\t<\/h3>\n\t<p>Hier packt die ganze Familie mit an.<\/p>\n\t<a href=\"http:\/\/arminloeblein.de\/?page_id=11410\" target=\"_self\" role=\"button\" rel=\"noopener noreferrer\">\n\t\t\t\t\t\u00dcber uns\n\t<\/a>\n\t\t\t1  \n\t\t\t\t\t\t\tDiensthund\n<h3>\n\tals treuer Begleiter.\n\t<\/h3>\n\t<p>Unser Team vervollst\u00e4ndigt ein Diensthund, der uns bei den Arbeiten zur Seite steht.<\/p>\n<h2>\n\tPers\u00f6nlich und fair.\n\t<\/h2>\n<h4>\n\tDer direkt Draht ist uns wichtig, hier spricht man sich pers\u00f6nlich.\n\t<\/h4>\n<h3>\n\tLeitlinie\n\t<\/h3>\n\t<p>\u201cKurze Wege, famili\u00e4r-freundschaftlicher Umgang und ein faires Miteinander stehen bei uns im Vordergrund. &#8222;<\/p>\n<h5>\n\t\u2013 Armin L\u00f6blein\n\t<\/h5>\n<\/div><!-- .vgblk-rw-wrapper -->","protected":false},"excerpt":{"rendered":"<p>Weihnachtsb\u00e4ume Weihnachtsb\u00e4ume aus dem Sinngrund. mehr Landschaftspflege Landschaftspflege mit M\u00e4hausleger, Buschhacker, Kreiselegge und Co. mehr Mulch- und Fr\u00e4sarbeiten Mit modernen Maschinen mulchen und fr\u00e4sen. mehr Christbaumdorf Immer am zweiten und dritten Adventswochenende in 97785 Mittelsinn. mehr Erfahrung &amp; Leidenschaft seit 1988. Ohne langes Hin und Her. Unsere lange Erfahrung dient uns bei jedem Auftrag. Ob&#8230;<\/p>\n","protected":false},"author":1,"featured_media":0,"parent":0,"menu_order":0,"comment_status":"closed","ping_status":"closed","template":"","meta":{"footnotes":""},"jetpack_sharing_enabled":true,"_links":{"self":[{"href":"http:\/\/arminloeblein.de\/index.php?rest_route=\/wp\/v2\/pages\/14013"}],"collection":[{"href":"http:\/\/arminloeblein.de\/index.php?rest_route=\/wp\/v2\/pages"}],"about":[{"href":"http:\/\/arminloeblein.de\/index.php?rest_route=\/wp\/v2\/types\/page"}],"author":[{"embeddable":true,"href":"http:\/\/arminloeblein.de\/index.php?rest_route=\/wp\/v2\/users\/1"}],"replies":[{"embeddable":true,"href":"http:\/\/arminloeblein.de\/index.php?rest_route=%2Fwp%2Fv2%2Fcomments&post=14013"}],"version-history":[{"count":14,"href":"http:\/\/arminloeblein.de\/index.php?rest_route=\/wp\/v2\/pages\/14013\/revisions"}],"predecessor-version":[{"id":17013,"href":"http:\/\/arminloeblein.de\/index.php?rest_route=\/wp\/v2\/pages\/14013\/revisions\/17013"}],"wp:attachment":[{"href":"http:\/\/arminloeblein.de\/index.php?rest_route=%2Fwp%2Fv2%2Fmedia&parent=14013"}],"curies":[{"name":"wp","href":"https:\/\/api.w.org\/{rel}","templated":true}]}}